{"id":27,"date":"2023-09-10T10:42:14","date_gmt":"2023-09-10T10:42:14","guid":{"rendered":"https:\/\/ard-vent.se\/?page_id=27"},"modified":"2023-09-10T10:42:14","modified_gmt":"2023-09-10T10:42:14","slug":"om-foretaget","status":"publish","type":"page","link":"https:\/\/ard-vent.se\/?page_id=27","title":{"rendered":"Om f\u00f6retaget"},"content":{"rendered":"\n<p>Nie mam poj\u0119cia czy to dobra nazwa strony &#8211; ale tu mo\u017cna by umie\u015bci\u0107 co\u015b wi\u0119cej o firmie &#8211; poza zwi\u0119z\u0142ymi informacjami kontaktowymi. Co\u015b ala historia ?<\/p>\n","protected":false},"excerpt":{"rendered":"<p>Nie mam poj\u0119cia czy to dobra nazwa strony &#8211; ale tu mo\u017cna by umie\u015bci\u0107 co\u015b wi\u0119cej o firmie &#8211; poza zwi\u0119z\u0142ymi informacjami kontaktowymi. Co\u015b ala historia ?<\/p>\n","protected":false},"author":1,"featured_media":0,"parent":0,"menu_order":0,"comment_status":"closed","ping_status":"closed","template":"","meta":{"footnotes":""},"class_list":["post-27","page","type-page","status-publish","hentry"],"_links":{"self":[{"href":"https:\/\/ard-vent.se\/index.php?rest_route=\/wp\/v2\/pages\/27","targetHints":{"allow":["GET"]}}],"collection":[{"href":"https:\/\/ard-vent.se\/index.php?rest_route=\/wp\/v2\/pages"}],"about":[{"href":"https:\/\/ard-vent.se\/index.php?rest_route=\/wp\/v2\/types\/page"}],"author":[{"embeddable":true,"href":"https:\/\/ard-vent.se\/index.php?rest_route=\/wp\/v2\/users\/1"}],"replies":[{"embeddable":true,"href":"https:\/\/ard-vent.se\/index.php?rest_route=%2Fwp%2Fv2%2Fcomments&post=27"}],"version-history":[{"count":1,"href":"https:\/\/ard-vent.se\/index.php?rest_route=\/wp\/v2\/pages\/27\/revisions"}],"predecessor-version":[{"id":28,"href":"https:\/\/ard-vent.se\/index.php?rest_route=\/wp\/v2\/pages\/27\/revisions\/28"}],"wp:attachment":[{"href":"https:\/\/ard-vent.se\/index.php?rest_route=%2Fwp%2Fv2%2Fmedia&parent=27"}],"curies":[{"name":"wp","href":"https:\/\/api.w.org\/{rel}","templated":true}]}}